{"id":8,"date":"2018-05-29T11:11:20","date_gmt":"2018-05-29T11:11:20","guid":{"rendered":"http:\/\/xtratheme.com\/default\/?page_id=7"},"modified":"2024-02-08T13:42:01","modified_gmt":"2024-02-08T12:42:01","slug":"o-nas","status":"publish","type":"page","link":"https:\/\/www.allsan.sk\/de\/o-nas\/","title":{"rendered":"\u00dcber uns"},"content":{"rendered":"<div class=\"wpb-content-wrapper\"><div data-vc-full-width=\"true\" data-vc-full-width-init=\"false\" class=\"vc_row wpb_row vc_row-fluid\"><div class=\"wpb_column vc_column_container vc_col-sm-6\"><div class=\"vc_column-inner\"><div class=\"wpb_wrapper\"><div id=\"cz_53714\" class=\"cz_53714 cz_title clr cz_mobile_text_center cz_title_pos_inline\"><div class=\"cz_title_content\"><div class=\"cz_wpe_content\"><p><span style=\"color: #ff7700;\">\u00dcBER UNSER UNTERNEHMEN<\/span><\/p>\n<h2>Unsere Geschichte<\/h2>\n<\/div><\/div><\/div><div id=\"cz_106125\" class=\"cz_106125 cz_title clr cz_mobile_text_center cz_title_pos_inline\"><div class=\"cz_title_content\"><div class=\"cz_wpe_content\"><p>ALLSAN s.r.o. ist seit mehr als 5 Jahren ein zuverl\u00e4ssiger Partner im Bereich der professionellen Dienstleistungen und Installationen. Gemeinsam mit unseren Kunden tragen wir zu einer besseren und nachhaltigen Gesellschaft bei. Mithilfe unserer professionellen und qualifizierten Mitarbeiter sind wir in der Lage, verschiedene Arten von Installations- und Produktionst\u00e4tigkeiten in der Industrie abzudecken.<\/p>\n<p>&nbsp;<\/p>\n<\/div><\/div><\/div><ul id=\"cz_22085\" class=\"cz_22085 cz_stylish_list clr cz_sl_icon_hover_zoom_in\"><li class=\"clr\"><div class=\"cz_sl_icon\"><i class=\"fa czico-074-tick-inside-circle mr10\" ><\/i><\/div><div><span>Bauwesen<small>Hochwertige und moderne Systeme<\/small><\/span><\/div><\/li><li class=\"clr\"><div class=\"cz_sl_icon\"><i class=\"fa czico-074-tick-inside-circle mr10\" ><\/i><\/div><div><span>Umwelt<small>Wir sind umweltfreundlich<\/small><\/span><\/div><\/li><li class=\"clr\"><div class=\"cz_sl_icon\"><i class=\"fa czico-074-tick-inside-circle mr10\" ><\/i><\/div><div><span>Maschinenpark<small>Die neueste Technologie<\/small><\/span><\/div><\/li><li class=\"clr\"><div class=\"cz_sl_icon\"><i class=\"fa czico-074-tick-inside-circle mr10\" ><\/i><\/div><div><span>Verl\u00e4sslichkeit<small>Wir halten Fristen ein<\/small><\/span><\/div><\/li><\/ul><\/div><\/div><\/div><div class=\"wpb_column vc_column_container vc_col-sm-6 vc_hidden-sm vc_hidden-xs\"><div class=\"vc_column-inner vc_custom_1704848274477\"><div class=\"wpb_wrapper\"><div id=\"cz_37580\" class=\"cz_37580 cz_image clr cz_image_no_fx center_on_mobile\"><div class=\"cz_svg_bg\" ><div class=\"cz_image_in\" data-tilt><div class=\"cz_main_image\"><img decoding=\"async\" width=\"848\" height=\"468\" src=\"https:\/\/www.allsan.sk\/wp-content\/uploads\/2024\/01\/Manage-your-construction-business-using-TallyPrime_comments.jpg\" class=\"attachment-full\" alt=\"\" title=\"Verwalten Sie Ihr Baugesch\u00e4ft mit TallyPrime_Kommentare\" srcset=\"https:\/\/www.allsan.sk\/wp-content\/uploads\/2024\/01\/Manage-your-construction-business-using-TallyPrime_comments.jpg 848w, https:\/\/www.allsan.sk\/wp-content\/uploads\/2024\/01\/Manage-your-construction-business-using-TallyPrime_comments-300x166.jpg 300w, https:\/\/www.allsan.sk\/wp-content\/uploads\/2024\/01\/Manage-your-construction-business-using-TallyPrime_comments-768x424.jpg 768w, https:\/\/www.allsan.sk\/wp-content\/uploads\/2024\/01\/Manage-your-construction-business-using-TallyPrime_comments-600x331.jpg 600w\" sizes=\"(max-width: 848px) 100vw, 848px\" \/><\/div><\/div><\/div><\/div><\/div><\/div><\/div><\/div><div class=\"vc_row-full-width vc_clearfix\"><\/div><div data-vc-full-width=\"true\" data-vc-full-width-init=\"false\" class=\"vc_row wpb_row vc_row-fluid vc_custom_1705931029394 vc_row-o-equal-height vc_row-flex\"><div class=\"wpb_column vc_column_container vc_col-sm-6 vc_hidden-sm vc_hidden-xs\"><div class=\"vc_column-inner vc_custom_1705930958531\"><div class=\"wpb_wrapper\"><div id=\"cz_92801\" class=\"cz_92801 cz_image clr cz_image_no_fx center_on_mobile\"><div class=\"cz_svg_bg\" ><div class=\"cz_image_in\" data-tilt><div class=\"cz_main_image\"><img decoding=\"async\" width=\"600\" height=\"376\" src=\"https:\/\/www.allsan.sk\/wp-content\/uploads\/2024\/01\/okmiestaorange-world-map-vector-1336461.jpg\" class=\"attachment-full\" alt=\"\" title=\"okmiestaorange-weltkarte-vektor-1336461\" srcset=\"https:\/\/www.allsan.sk\/wp-content\/uploads\/2024\/01\/okmiestaorange-world-map-vector-1336461.jpg 600w, https:\/\/www.allsan.sk\/wp-content\/uploads\/2024\/01\/okmiestaorange-world-map-vector-1336461-300x188.jpg 300w, https:\/\/www.allsan.sk\/wp-content\/uploads\/2024\/01\/okmiestaorange-world-map-vector-1336461-18x12.jpg 18w\" sizes=\"(max-width: 600px) 100vw, 600px\" \/><\/div><\/div><\/div><\/div><\/div><\/div><\/div><div class=\"wpb_column vc_column_container vc_col-sm-6\"><div class=\"vc_column-inner\"><div class=\"wpb_wrapper\"><div id=\"cz_43432\" class=\"cz_43432 cz_title clr cz_mobile_text_center cz_title_pos_inline\"><div class=\"cz_title_content\"><div class=\"cz_wpe_content\"><p><span style=\"color: #ff7700;\">\u00dcBER UNSER UNTERNEHMEN<\/span><\/p>\n<h2>Internationaler Markt<\/h2>\n<\/div><\/div><\/div><div id=\"cz_66058\" class=\"cz_66058 cz_title clr cz_mobile_text_center cz_title_pos_inline\"><div class=\"cz_title_content\"><div class=\"cz_wpe_content\"><p style=\"text-align: left;\">Wir f\u00fchren unsere Arbeit auf dem Gebiet der Slowakischen Republik und der gesamten Europ\u00e4ischen Union aus, und der Ort der Ausf\u00fchrung ist f\u00fcr uns nie ein Hindernis. Wir f\u00fchren Projekte in ganz Europa, von Mexiko bis Kanada durch <span class=\"im\">aber wir sind auch in der Lage, die Anforderungen von Inlandsprojekten zu erf\u00fcllen. <\/span>Die Strategie des Unternehmens ist in erster Linie ein professioneller, proaktiver und individueller Ansatz sowie Zuverl\u00e4ssigkeit und Fairness auf allen Weltm\u00e4rkten.<\/p>\n<\/div><\/div><\/div><ul id=\"cz_28603\" class=\"cz_28603 cz_stylish_list clr cz_sl_icon_hover_zoom_in\"><li class=\"clr\"><div class=\"cz_sl_icon\"><i class=\"fa czico-074-tick-inside-circle mr10\" ><\/i><\/div><div><span>Flexibilit\u00e4t<small>Marktanpassung<\/small><\/span><\/div><\/li><li class=\"clr\"><div class=\"cz_sl_icon\"><i class=\"fa czico-074-tick-inside-circle mr10\" ><\/i><\/div><div><span>Qualit\u00e4t<small>Qualit\u00e4tsarbeit<\/small><\/span><\/div><\/li><li class=\"clr\"><div class=\"cz_sl_icon\"><i class=\"fa czico-074-tick-inside-circle mr10\" ><\/i><\/div><div><span>Professionalit\u00e4t<small>Professioneller Ansatz<\/small><\/span><\/div><\/li><li class=\"clr\"><div class=\"cz_sl_icon\"><i class=\"fa czico-074-tick-inside-circle mr10\" ><\/i><\/div><div><span>Bereitschaft<small>Hilfreich f\u00fcr Kunden<\/small><\/span><\/div><\/li><\/ul><\/div><\/div><\/div><\/div><div class=\"vc_row-full-width vc_clearfix\"><\/div><div class=\"vc_row wpb_row vc_row-fluid\"><div class=\"wpb_column vc_column_container vc_col-sm-12\"><div class=\"vc_column-inner\"><div class=\"wpb_wrapper\"><\/div><\/div><\/div><\/div><div data-vc-full-width=\"true\" data-vc-full-width-init=\"false\" class=\"vc_row wpb_row vc_row-fluid vc_custom_1635852707873 vc_row-has-fill\"><div class=\"wpb_column vc_column_container vc_col-sm-12\"><div class=\"vc_column-inner\"><div class=\"wpb_wrapper\"><div id=\"cz_44022\" class=\"cz_44022 cz_title clr cz_title_pos_inline tac\"><div class=\"cz_title_content\"><div class=\"cz_wpe_content\"><p style=\"text-align: center;\"><span style=\"color: #ff7700;\">WELTMARKEN<\/span><\/p>\n<h2 style=\"text-align: center;\">Zusammenarbeit mit unseren Partnern<\/h2>\n<\/div><\/div><\/div><div id=\"cz3093\" class=\"cz3093 slick no_arrows no_dots\" data-slick='{\"selector\":\"\",\"slidesToShow\":5,\"slidesToScroll\":1,\"rows\":1,\"fade\":false,\"vertical\":false,\"verticalSwiping\":false,\"infinite\":true,\"speed\":1000,\"swipeToSlide\":true,\"centerMode\":false,\"centerPadding\":\"\",\"variableWidth\":false,\"autoplay\":true,\"autoplaySpeed\":3000,\"dots\":true,\"counts\":false,\"adaptiveHeight\":false,\"responsive\":[{\"breakpoint\":769,\"settings\":{\"slidesToShow\":4,\"slidesToScroll\":1,\"touchMove\":true}},{\"breakpoint\":481,\"settings\":{\"slidesToShow\":2,\"slidesToScroll\":1,\"touchMove\":true}}]}' data-slick-prev=\"fa fa-chevron-left\" data-slick-next=\"fa fa-chevron-right\"><div id=\"cz_31837\" class=\"cz_grid_p cz_31837\"><div class=\"cz_grid cz_grid_1 clr cz_grid_carousel cz_grid_1_no_hover cz_grid_1_mid tac cz_grid_disable_links\" data-gap=\"30\"><div class=\"cz_grid_item cz_grid_first\"><\/div><div class=\"cz_grid_item\"><div><a class=\"cz_grid_link\" href=\"https:\/\/www.allsan.sk\/wp-content\/uploads\/2024\/01\/siemensUntitled-1.jpg\" data-xtra-lightbox><img decoding=\"async\" width=\"300\" height=\"120\" src=\"https:\/\/www.allsan.sk\/wp-content\/uploads\/2024\/01\/siemensUntitled-1.jpg\" class=\"attachment-full\" alt=\"\" title=\"siemensUntitled-1\" \/><div class=\"cz_grid_details\"><i class=\"fa fa-search cz_grid_icon\"><\/i><\/div><\/a><\/div><\/div><div class=\"cz_grid_item\"><div><a class=\"cz_grid_link\" href=\"https:\/\/www.allsan.sk\/wp-content\/uploads\/2024\/01\/salzUntitled-1.jpg\" data-xtra-lightbox><img decoding=\"async\" width=\"300\" height=\"120\" src=\"https:\/\/www.allsan.sk\/wp-content\/uploads\/2024\/01\/salzUntitled-1.jpg\" class=\"attachment-full\" alt=\"\" title=\"salzUntitled-1\" \/><div class=\"cz_grid_details\"><i class=\"fa fa-search cz_grid_icon\"><\/i><\/div><\/a><\/div><\/div><div class=\"cz_grid_item\"><div><a class=\"cz_grid_link\" href=\"https:\/\/www.allsan.sk\/wp-content\/uploads\/2024\/01\/holcimUntitled-1.jpg\" data-xtra-lightbox><img decoding=\"async\" width=\"300\" height=\"120\" src=\"https:\/\/www.allsan.sk\/wp-content\/uploads\/2024\/01\/holcimUntitled-1.jpg\" class=\"attachment-full\" alt=\"\" title=\"holcimUntitled-1\" \/><div class=\"cz_grid_details\"><i class=\"fa fa-search cz_grid_icon\"><\/i><\/div><\/a><\/div><\/div><div class=\"cz_grid_item\"><div><a class=\"cz_grid_link\" href=\"https:\/\/www.allsan.sk\/wp-content\/uploads\/2024\/01\/volksUntitled-1.jpg\" data-xtra-lightbox><img decoding=\"async\" width=\"300\" height=\"120\" src=\"https:\/\/www.allsan.sk\/wp-content\/uploads\/2024\/01\/volksUntitled-1.jpg\" class=\"attachment-full\" alt=\"\" title=\"volksUntitled-1\" \/><div class=\"cz_grid_details\"><i class=\"fa fa-search cz_grid_icon\"><\/i><\/div><\/a><\/div><\/div><div class=\"cz_grid_item\"><div><a class=\"cz_grid_link\" href=\"https:\/\/www.allsan.sk\/wp-content\/uploads\/2024\/01\/essitUntitled-1.jpg\" data-xtra-lightbox><img decoding=\"async\" width=\"300\" height=\"120\" src=\"https:\/\/www.allsan.sk\/wp-content\/uploads\/2024\/01\/essitUntitled-1.jpg\" class=\"attachment-full\" alt=\"\" title=\"essitUntitled-1\" \/><div class=\"cz_grid_details\"><i class=\"fa fa-search cz_grid_icon\"><\/i><\/div><\/a><\/div><\/div><div class=\"cz_grid_item\"><div><a class=\"cz_grid_link\" href=\"https:\/\/www.allsan.sk\/wp-content\/uploads\/2024\/01\/bishantitled-1.jpg\" data-xtra-lightbox><img decoding=\"async\" width=\"300\" height=\"120\" src=\"https:\/\/www.allsan.sk\/wp-content\/uploads\/2024\/01\/bishantitled-1.jpg\" class=\"attachment-full\" alt=\"\" title=\"bishantitled-1\" \/><div class=\"cz_grid_details\"><i class=\"fa fa-search cz_grid_icon\"><\/i><\/div><\/a><\/div><\/div><div class=\"cz_grid_item\"><div><a class=\"cz_grid_link\" href=\"https:\/\/www.allsan.sk\/wp-content\/uploads\/2024\/01\/lsautoUntitled-1.jpg\" data-xtra-lightbox><img decoding=\"async\" width=\"300\" height=\"120\" src=\"https:\/\/www.allsan.sk\/wp-content\/uploads\/2024\/01\/lsautoUntitled-1.jpg\" class=\"attachment-full\" alt=\"\" title=\"lsautoUntitled-1\" \/><div class=\"cz_grid_details\"><i class=\"fa fa-search cz_grid_icon\"><\/i><\/div><\/a><\/div><\/div><div class=\"cz_grid_item\"><div><a class=\"cz_grid_link\" href=\"https:\/\/www.allsan.sk\/wp-content\/uploads\/2024\/01\/chryslerUntitled-1.jpg\" data-xtra-lightbox><img decoding=\"async\" width=\"300\" height=\"120\" src=\"https:\/\/www.allsan.sk\/wp-content\/uploads\/2024\/01\/chryslerUntitled-1.jpg\" class=\"attachment-full\" alt=\"\" title=\"chryslerUntitled-1\" \/><div class=\"cz_grid_details\"><i class=\"fa fa-search cz_grid_icon\"><\/i><\/div><\/a><\/div><\/div><div class=\"cz_grid_item\"><div><a class=\"cz_grid_link\" href=\"https:\/\/www.allsan.sk\/wp-content\/uploads\/2024\/01\/porsheUntitled-1.jpg\" data-xtra-lightbox><img decoding=\"async\" width=\"300\" height=\"120\" src=\"https:\/\/www.allsan.sk\/wp-content\/uploads\/2024\/01\/porsheUntitled-1.jpg\" class=\"attachment-full\" alt=\"\" title=\"porsheUntitled-1\" \/><div class=\"cz_grid_details\"><i class=\"fa fa-search cz_grid_icon\"><\/i><\/div><\/a><\/div><\/div><div class=\"cz_grid_item\"><div><a class=\"cz_grid_link\" href=\"https:\/\/www.allsan.sk\/wp-content\/uploads\/2024\/01\/amazaonUntitled-1.jpg\" data-xtra-lightbox><img decoding=\"async\" width=\"300\" height=\"120\" src=\"https:\/\/www.allsan.sk\/wp-content\/uploads\/2024\/01\/amazaonUntitled-1.jpg\" class=\"attachment-full\" alt=\"\" title=\"amazaonUntitled-1\" \/><div class=\"cz_grid_details\"><i class=\"fa fa-search cz_grid_icon\"><\/i><\/div><\/a><\/div><\/div><div class=\"cz_grid_item\"><div><a class=\"cz_grid_link\" href=\"https:\/\/www.allsan.sk\/wp-content\/uploads\/2024\/01\/auidi-okUntitled-1.jpg\" data-xtra-lightbox><img decoding=\"async\" width=\"300\" height=\"120\" src=\"https:\/\/www.allsan.sk\/wp-content\/uploads\/2024\/01\/auidi-okUntitled-1.jpg\" class=\"attachment-full\" alt=\"\" title=\"auidi-okUntitled-1\" \/><div class=\"cz_grid_details\"><i class=\"fa fa-search cz_grid_icon\"><\/i><\/div><\/a><\/div><\/div><\/div><\/div><\/div><div data-cz-style='#cz3093 .slick-list{margin: 0 -15px;clip-path:inset(0 15px 0 15px)}#cz3093 .slick-slide{margin: 0 15px}'><\/div><\/div><\/div><\/div><\/div><div class=\"vc_row-full-width vc_clearfix\"><\/div><div data-vc-full-width=\"true\" data-vc-full-width-init=\"false\" class=\"vc_row wpb_row vc_row-fluid vc_custom_1635680246222 vc_row-has-fill\"><div class=\"wpb_column vc_column_container vc_col-sm-12\"><div class=\"vc_column-inner\"><div class=\"wpb_wrapper\"><div class=\"cz_gap clr\" style=\"height: 120px\"><\/div><div id=\"cz_60038\" class=\"cz_60038 cz_title clr cz_title_pos_inline tac\"><div class=\"cz_title_content\"><div class=\"cz_wpe_content\"><p style=\"text-align: center;\"><span style=\"color: #ff7700;\">UNSERE PROJEKTE<\/span><\/p>\n<h2 style=\"text-align: center;\"><span style=\"color: #ffffff;\"> Was haben wir getan?<\/span><\/h2>\n<\/div><\/div><\/div><div class=\"cz_gap clr  hide_on_mobile\" style=\"height: 80px\"><\/div><div class=\"cz_gap show_on_mobile clr\" style=\"height: 40px\"><\/div><div class=\"vc_row wpb_row vc_inner vc_row-fluid\"><div class=\"wpb_column vc_column_container vc_col-sm-3\"><div class=\"vc_column-inner\"><div class=\"wpb_wrapper\"><div id=\"cz_16767\" data-disable-comma=\"\" data-duration=\"3000\" data-delay=\"0000\" class=\"cz_16767 cz_counter clr tac cz_2rows\"><div class=\"\"><span class=\"cz_counter_num_wrap\"><span class=\"cz_counter_num\">5<\/span><i>+<\/i><\/span><span class=\"cz_counter_after\">Jahre auf dem Markt<\/span><\/div><\/div><\/div><\/div><\/div><div class=\"wpb_column vc_column_container vc_col-sm-3\"><div class=\"vc_column-inner\"><div class=\"wpb_wrapper\"><div id=\"cz_98897\" data-disable-comma=\"\" data-duration=\"3000\" data-delay=\"0000\" class=\"cz_98897 cz_counter clr tac cz_2rows\"><div class=\"\"><span class=\"cz_counter_num_wrap\"><span class=\"cz_counter_num\">60<\/span><i>+<\/i><\/span><span class=\"cz_counter_after\">Mitarbeiter<\/span><\/div><\/div><\/div><\/div><\/div><div class=\"wpb_column vc_column_container vc_col-sm-3\"><div class=\"vc_column-inner\"><div class=\"wpb_wrapper\"><div id=\"cz_109024\" data-disable-comma=\"\" data-duration=\"3000\" data-delay=\"0000\" class=\"cz_109024 cz_counter clr tac cz_2rows\"><div class=\"\"><span class=\"cz_counter_num_wrap\"><span class=\"cz_counter_num\">9<\/span><\/span><span class=\"cz_counter_after\">Unsere Partner<\/span><\/div><\/div><\/div><\/div><\/div><div class=\"wpb_column vc_column_container vc_col-sm-3\"><div class=\"vc_column-inner\"><div class=\"wpb_wrapper\"><div id=\"cz_37048\" data-disable-comma=\"\" data-duration=\"3000\" data-delay=\"0000\" class=\"cz_37048 cz_counter clr tac cz_2rows\"><div class=\"\"><span class=\"cz_counter_num_wrap\"><span class=\"cz_counter_num\">100<\/span><i>+<\/i><\/span><span class=\"cz_counter_after\">Abgeschlossene Projekte<\/span><\/div><\/div><\/div><\/div><\/div><\/div><div class=\"cz_gap clr  hide_on_mobile\" style=\"height: 182px\"><\/div><div class=\"cz_gap show_on_mobile clr\" style=\"height: 170px\"><\/div><\/div><\/div><\/div><\/div><div class=\"vc_row-full-width vc_clearfix\"><\/div><div class=\"vc_row wpb_row vc_row-fluid\"><div class=\"wpb_column vc_column_container vc_col-sm-12\"><div class=\"vc_column-inner\"><div class=\"wpb_wrapper\"><div class=\"cz_eqh cz_content_box_parent_fx\"><div id=\"cz_74709\" class=\"cz_74709 cz_content_box clr\"><div class=\"cz_box_front clr\"><div class=\"cz_box_front_inner clr\"><span><\/span><div><div id=\"cz_35716\" class=\"cz_35716 cz_title clr cz_title_pos_inline tac\"><div class=\"cz_title_content\"><div class=\"cz_wpe_content\"><p style=\"text-align: center;\"><span style=\"color: #ff7700;\">REVIEWS<\/span><\/p>\n<h2 style=\"text-align: center;\">Was sagen die Kunden?<\/h2>\n<\/div><\/div><\/div><\/div><\/div><\/div><\/div><\/div><\/div><\/div><\/div><\/div><div class=\"vc_row wpb_row vc_row-fluid\"><div class=\"wpb_column vc_column_container vc_col-sm-12\"><div class=\"vc_column-inner\"><div class=\"wpb_wrapper\"><\/div><\/div><\/div><\/div><div class=\"vc_row wpb_row vc_row-fluid\"><div class=\"wpb_column vc_column_container vc_col-sm-12\"><div class=\"vc_column-inner\"><div class=\"wpb_wrapper\"><div id=\"cz_83825\" class=\"cz_83825 slick arrows_mlr no_dots\" data-slick='{\"selector\":\"\",\"slidesToShow\":1,\"slidesToScroll\":1,\"rows\":1,\"fade\":false,\"vertical\":false,\"verticalSwiping\":false,\"infinite\":true,\"speed\":1000,\"swipeToSlide\":true,\"centerMode\":false,\"centerPadding\":\"\",\"variableWidth\":false,\"autoplay\":true,\"autoplaySpeed\":4000,\"dots\":true,\"counts\":false,\"adaptiveHeight\":false,\"responsive\":[{\"breakpoint\":769,\"settings\":{\"slidesToShow\":1,\"slidesToScroll\":1,\"touchMove\":true}},{\"breakpoint\":481,\"settings\":{\"slidesToShow\":1,\"slidesToScroll\":1,\"touchMove\":true}}]}' data-slick-prev=\"fa czico-long-left-arrow\" data-slick-next=\"fa czico-long-right-arrow\"><div id=\"cz_19003\" class=\"cz_19003 cz_testimonials cz_testimonials_s7\"><div class=\"cz_testimonials_content\"><div class=\"cz_testimonials_meta cz_tes_only_meta mb20\"><div class=\"cz_testimonials_avatar\"><img decoding=\"async\" width=\"150\" height=\"150\" src=\"https:\/\/www.allsan.sk\/wp-content\/uploads\/2024\/01\/men_avatar-150x150.png\" class=\"attachment-thumbnail\" alt=\"\" title=\"men_avatar\" srcset=\"https:\/\/www.allsan.sk\/wp-content\/uploads\/2024\/01\/men_avatar-150x150.png 150w, https:\/\/www.allsan.sk\/wp-content\/uploads\/2024\/01\/men_avatar.png 225w\" sizes=\"(max-width: 150px) 100vw, 150px\" \/><\/div><\/div><div class=\"cz_wpe_content\"><span style=\"color: #ffffff;\">\"Ihr Team von Projektmanagern und Bauarbeitern ist das Projekt professionell angegangen.<\/span><\/div><div class=\"cz_testimonials_meta cz_tes_only_meta mt20\"><div class=\"cz_testimonials_name_subname\"><div class=\"cz_testimonials_name\">Martin<\/div><\/div><\/div><\/div><\/div><div id=\"cz_58493\" class=\"cz_58493 cz_testimonials cz_testimonials_s7\"><div class=\"cz_testimonials_content\"><div class=\"cz_testimonials_meta cz_tes_only_meta mb20\"><div class=\"cz_testimonials_avatar\"><img decoding=\"async\" width=\"150\" height=\"150\" src=\"https:\/\/www.allsan.sk\/wp-content\/uploads\/2024\/01\/men_avatar-150x150.png\" class=\"attachment-thumbnail\" alt=\"\" title=\"men_avatar\" srcset=\"https:\/\/www.allsan.sk\/wp-content\/uploads\/2024\/01\/men_avatar-150x150.png 150w, https:\/\/www.allsan.sk\/wp-content\/uploads\/2024\/01\/men_avatar.png 225w\" sizes=\"(max-width: 150px) 100vw, 150px\" \/><\/div><\/div><div class=\"cz_wpe_content\">Wir m\u00fcssen ihren Qualit\u00e4tsansatz gegen\u00fcber dem Kunden sch\u00e4tzen, auch wenn es Probleme bei den Bauarbeiten und \u00c4nderungen f\u00fcr unser Projekt gab.<\/div><div class=\"cz_testimonials_meta cz_tes_only_meta mt20\"><div class=\"cz_testimonials_name_subname\"><div class=\"cz_testimonials_name\">Peter<\/div><\/div><\/div><\/div><\/div><div id=\"cz_33292\" class=\"cz_33292 cz_testimonials cz_testimonials_s7\"><div class=\"cz_testimonials_content\"><div class=\"cz_testimonials_meta cz_tes_only_meta mb20\"><div class=\"cz_testimonials_avatar\"><img decoding=\"async\" width=\"150\" height=\"150\" src=\"https:\/\/www.allsan.sk\/wp-content\/uploads\/2024\/01\/woman_avatar-150x150.png\" class=\"attachment-thumbnail\" alt=\"\" title=\"frau_avatar\" srcset=\"https:\/\/www.allsan.sk\/wp-content\/uploads\/2024\/01\/woman_avatar-150x150.png 150w, https:\/\/www.allsan.sk\/wp-content\/uploads\/2024\/01\/woman_avatar.png 225w\" sizes=\"(max-width: 150px) 100vw, 150px\" \/><\/div><\/div><div class=\"cz_wpe_content\"><span style=\"color: #ffffff;\">\"Tolle Erfahrung! Die ALLSAN s.r.o. hat den gesamten Prozess von der Planungsphase bis zur endg\u00fcltigen Durchf\u00fchrung unterst\u00fctzt und ihr Team hat gro\u00dfartige Arbeit geleistet.\"<\/span><\/div><div class=\"cz_testimonials_meta cz_tes_only_meta mt20\"><div class=\"cz_testimonials_name_subname\"><div class=\"cz_testimonials_name\">Diana<\/div><\/div><\/div><\/div><\/div><\/div><div><\/div><div class=\"cz_gap clr\" style=\"height: 42px\"><\/div><\/div><\/div><\/div><\/div>\n<\/div>","protected":false},"excerpt":{"rendered":"\u00dcBER UNSERE GESELLSCHAFT Unsere Geschichte Die ALLSAN s.r.o. ist seit mehr als 5 Jahren ein zuverl\u00e4ssiger Partner im Bereich der professionellen Dienstleistungen.","protected":false},"author":1,"featured_media":0,"parent":0,"menu_order":0,"comment_status":"closed","ping_status":"closed","template":"","meta":{"footnotes":""},"class_list":["post-8","page","type-page","status-publish","hentry"],"_links":{"self":[{"href":"https:\/\/www.allsan.sk\/de\/wp-json\/wp\/v2\/pages\/8","targetHints":{"allow":["GET"]}}],"collection":[{"href":"https:\/\/www.allsan.sk\/de\/wp-json\/wp\/v2\/pages"}],"about":[{"href":"https:\/\/www.allsan.sk\/de\/wp-json\/wp\/v2\/types\/page"}],"author":[{"embeddable":true,"href":"https:\/\/www.allsan.sk\/de\/wp-json\/wp\/v2\/users\/1"}],"replies":[{"embeddable":true,"href":"https:\/\/www.allsan.sk\/de\/wp-json\/wp\/v2\/comments?post=8"}],"version-history":[{"count":41,"href":"https:\/\/www.allsan.sk\/de\/wp-json\/wp\/v2\/pages\/8\/revisions"}],"predecessor-version":[{"id":2196,"href":"https:\/\/www.allsan.sk\/de\/wp-json\/wp\/v2\/pages\/8\/revisions\/2196"}],"wp:attachment":[{"href":"https:\/\/www.allsan.sk\/de\/wp-json\/wp\/v2\/media?parent=8"}],"curies":[{"name":"wp","href":"https:\/\/api.w.org\/{rel}","templated":true}]}}