{"id":1587,"date":"2021-11-02T06:48:02","date_gmt":"2021-11-02T06:48:02","guid":{"rendered":"https:\/\/xtratheme.com\/factory-2\/?page_id=1587"},"modified":"2025-02-18T10:14:39","modified_gmt":"2025-02-18T09:14:39","slug":"footer","status":"publish","type":"page","link":"https:\/\/www.allsan.sk\/de\/footer\/","title":{"rendered":"Fu\u00dfzeile"},"content":{"rendered":"<div class=\"wpb-content-wrapper\"><div data-vc-full-width=\"true\" data-vc-full-width-init=\"false\" class=\"vc_row wpb_row vc_row-fluid vc_custom_1635835206283 vc_row-has-fill\"><div class=\"wpb_column vc_column_container vc_col-sm-6\"><div class=\"vc_column-inner\"><div class=\"wpb_wrapper\"><div id=\"cz_56709\" class=\"cz_56709 cz_title clr cz_mobile_text_center cz_title_pos_inline tar\"><div class=\"cz_title_content\"><div class=\"cz_wpe_content\"><h3 style=\"text-align: right;\"><span style=\"color: #ffffff; font-size: 32px;\">Kontakt<\/span><\/h3>\n<\/div><\/div><\/div><\/div><\/div><\/div><div class=\"wpb_column vc_column_container vc_col-sm-6\"><div class=\"vc_column-inner\"><div class=\"wpb_wrapper\"><div class=\"\"><div class=\"cz_58246_p\"><a id=\"cz_58246\" class=\"cz_58246 cz_btn cz_btn_txt_no_fx cz_btn_no_fx cz_mobile_btn_center\" href=\"https:\/\/www.allsan.sk\/de\/kontakt\/\"><span><i class=\"fa czico-088-envelope-of-white-paper\"><\/i><strong>Ich bin interessiert<\/strong><\/span><b class=\"cz_btn_onhover\"><i class=\"fa czico-088-envelope-of-white-paper\"><\/i><strong>Ich bin interessiert<\/strong><\/b><\/a><\/div><\/div><\/div><\/div><\/div><\/div><div class=\"vc_row-full-width vc_clearfix\"><\/div><div data-vc-full-width=\"true\" data-vc-full-width-init=\"false\" class=\"vc_row wpb_row vc_row-fluid vc_custom_1635835588984 vc_row-has-fill\"><div class=\"wpb_column vc_column_container vc_col-sm-12\"><div class=\"vc_column-inner\"><div class=\"wpb_wrapper\"><div class=\"relative\"><div id=\"cz_98262\" class=\"cz_98262 cz_line tal\"><\/div><\/div><div class=\"clr\"><\/div><\/div><\/div><\/div><\/div><div class=\"vc_row-full-width vc_clearfix\"><\/div><div data-vc-full-width=\"true\" data-vc-full-width-init=\"false\" class=\"vc_row wpb_row vc_row-fluid vc_custom_1635837124174 vc_row-has-fill\"><div class=\"wpb_column vc_column_container vc_col-sm-3\"><div class=\"vc_column-inner\"><div class=\"wpb_wrapper\"><div id=\"cz_52917\" class=\"cz_52917 cz_image clr cz_image_no_fx center_on_mobile\"><div class=\"\" ><div class=\"cz_image_in\"><div class=\"cz_main_image\"><img decoding=\"async\" width=\"1485\" height=\"706\" src=\"https:\/\/www.allsan.sk\/wp-content\/uploads\/2024\/01\/spodok_okfinal_ver3-Recovereok-1.png\" class=\"attachment-full\" alt=\"\" title=\"bottom_okfinal_ver3-Recovereok\" srcset=\"https:\/\/www.allsan.sk\/wp-content\/uploads\/2024\/01\/spodok_okfinal_ver3-Recovereok-1.png 1485w, https:\/\/www.allsan.sk\/wp-content\/uploads\/2024\/01\/spodok_okfinal_ver3-Recovereok-1-300x143.png 300w, https:\/\/www.allsan.sk\/wp-content\/uploads\/2024\/01\/spodok_okfinal_ver3-Recovereok-1-1024x487.png 1024w, https:\/\/www.allsan.sk\/wp-content\/uploads\/2024\/01\/spodok_okfinal_ver3-Recovereok-1-768x365.png 768w, https:\/\/www.allsan.sk\/wp-content\/uploads\/2024\/01\/spodok_okfinal_ver3-Recovereok-1-600x285.png 600w\" sizes=\"(max-width: 1485px) 100vw, 1485px\" \/><\/div><\/div><\/div><\/div><\/div><\/div><\/div><div class=\"wpb_column vc_column_container vc_col-sm-6\"><div class=\"vc_column-inner vc_custom_1705106857986\"><div class=\"wpb_wrapper\"><ul id=\"cz_52832\" class=\"cz_52832 cz_stylish_list clr cz_sl_icon_hover_zoom_in\"><li class=\"clr\"><a href=\"https:\/\/www.allsan.sk\/de\/\" title=\"Startseite\"><div><span> <small>Startseite<\/small><\/span><\/div><\/a><\/li><li class=\"clr\"><a href=\"https:\/\/www.allsan.sk\/de\/sluzby\/\" title=\"Dienstleistungen\"><div><span> <small>Dienstleistungen<\/small><\/span><\/div><\/a><\/li><li class=\"clr\"><a href=\"https:\/\/www.allsan.sk\/de\/galeria\/\" title=\"Projekte\"><div><span> <small>Galerie<\/small><\/span><\/div><\/a><\/li><li class=\"clr\"><a href=\"https:\/\/www.allsan.sk\/de\/o-nas\/\" title=\"\u00dcber uns\"><div><span> <small>\u00dcber uns<\/small><\/span><\/div><\/a><\/li><li class=\"clr\"><a href=\"https:\/\/www.allsan.sk\/de\/kontakt\/\" title=\"Kontakt\"><div><span> <small>Kontakt<\/small><\/span><\/div><\/a><\/li><\/ul><\/div><\/div><\/div><div class=\"wpb_column vc_column_container vc_col-sm-3\"><div class=\"vc_column-inner\"><div class=\"wpb_wrapper\"><div id=\"cz_107721\" class=\"cz_107721 cz_social_icons cz_social clr tar cz_tooltip cz_tooltip_up\"><\/div><\/div><\/div><\/div><\/div><div class=\"vc_row-full-width vc_clearfix\"><\/div>\n<\/div>","protected":false},"excerpt":{"rendered":"Kontaktujte n\u00e1s m\u00e1m z\u00e1ujemm\u00e1m z\u00e1ujem \u00davod Slu\u017eby Gal\u00e9ria O n\u00e1s Kontakt","protected":false},"author":1,"featured_media":0,"parent":0,"menu_order":0,"comment_status":"closed","ping_status":"closed","template":"","meta":{"footnotes":""},"class_list":["post-1587","page","type-page","status-publish","hentry"],"_links":{"self":[{"href":"https:\/\/www.allsan.sk\/de\/wp-json\/wp\/v2\/pages\/1587","targetHints":{"allow":["GET"]}}],"collection":[{"href":"https:\/\/www.allsan.sk\/de\/wp-json\/wp\/v2\/pages"}],"about":[{"href":"https:\/\/www.allsan.sk\/de\/wp-json\/wp\/v2\/types\/page"}],"author":[{"embeddable":true,"href":"https:\/\/www.allsan.sk\/de\/wp-json\/wp\/v2\/users\/1"}],"replies":[{"embeddable":true,"href":"https:\/\/www.allsan.sk\/de\/wp-json\/wp\/v2\/comments?post=1587"}],"version-history":[{"count":34,"href":"https:\/\/www.allsan.sk\/de\/wp-json\/wp\/v2\/pages\/1587\/revisions"}],"predecessor-version":[{"id":2221,"href":"https:\/\/www.allsan.sk\/de\/wp-json\/wp\/v2\/pages\/1587\/revisions\/2221"}],"wp:attachment":[{"href":"https:\/\/www.allsan.sk\/de\/wp-json\/wp\/v2\/media?parent=1587"}],"curies":[{"name":"wp","href":"https:\/\/api.w.org\/{rel}","templated":true}]}}